{"id":3151,"date":"2021-04-18T11:24:03","date_gmt":"2021-04-18T09:24:03","guid":{"rendered":"https:\/\/artupcollector.com\/catalogue\/unkategorisiert\/benoit-grimbert-verso-sans-titre-25-2001-2003\/"},"modified":"2021-04-18T11:24:03","modified_gmt":"2021-04-18T09:24:03","slug":"benoit-grimbert-verso-sans-titre-25-2001-2003","status":"publish","type":"product","link":"https:\/\/artupcollector.com\/de\/katalog\/benoit-grimbert-de\/benoit-grimbert-verso-sans-titre-25-2001-2003\/","title":{"rendered":"Beno\u00eet Grimbert &#8211; Verso, Sans titre, 25 (2001-2003)"},"content":{"rendered":"","protected":false},"excerpt":{"rendered":"<p>Prise de vue argentique<br \/>\nImpression jet d&#8217;encre \u00e0 pigments sur papier Hahnem\u00fchle Photo Rag 308g<\/p>\n<p><em>L\u00e9gend\u00e9, dat\u00e9, num\u00e9rot\u00e9 et sign\u00e9. \u00c9dition de 12 + 2 EA<br \/>\nNon encadr\u00e9<\/em><\/p>\n","protected":false},"featured_media":2708,"template":"","meta":[],"product_brand":[],"product_cat":[149],"product_tag":[],"class_list":{"0":"post-3151","1":"product","2":"type-product","3":"status-publish","4":"has-post-thumbnail","6":"product_cat-benoit-grimbert-de","7":"pa_types-doeuvres-fotografie","9":"first","10":"instock","11":"shipping-taxable","12":"purchasable","13":"product-type-variable"},"yoast_head":"<!-- This site is optimized with the Yoast SEO plugin v27.1.1 - https:\/\/yoast.com\/product\/yoast-seo-wordpress\/ -->\n<title>Beno\u00eet Grimbert - Verso, Sans titre, 25 (2001-2003) - ArtUpCollector<\/title>\n<meta name=\"robots\" content=\"index, follow, max-snippet:-1, max-image-preview:large, max-video-preview:-1\" \/>\n<link rel=\"canonical\" href=\"https:\/\/artupcollector.com\/de\/katalog\/benoit-grimbert-de\/benoit-grimbert-verso-sans-titre-25-2001-2003\/\" \/>\n<meta property=\"og:locale\" content=\"de_DE\" \/>\n<meta property=\"og:type\" content=\"article\" \/>\n<meta property=\"og:title\" content=\"Beno\u00eet Grimbert - Verso, Sans titre, 25 (2001-2003) - ArtUpCollector\" \/>\n<meta property=\"og:description\" content=\"Prise de vue argentique Impression jet d&#039;encre \u00e0 pigments sur papier Hahnem\u00fchle Photo Rag 308g L\u00e9gend\u00e9, dat\u00e9, num\u00e9rot\u00e9 et sign\u00e9. \u00c9dition de 12 + 2 EA Non encadr\u00e9\" \/>\n<meta property=\"og:url\" content=\"https:\/\/artupcollector.com\/de\/katalog\/benoit-grimbert-de\/benoit-grimbert-verso-sans-titre-25-2001-2003\/\" \/>\n<meta property=\"og:site_name\" content=\"ArtUpCollector\" \/>\n<meta property=\"article:publisher\" content=\"https:\/\/www.facebook.com\/Artupcollectorcom-101099861821938\/\" \/>\n<meta property=\"og:image\" content=\"https:\/\/artupcollector.com\/wp-content\/uploads\/2021\/04\/benoit-grimbert-9-verso-sans-titre-25.jpg\" \/>\n\t<meta property=\"og:image:width\" content=\"600\" \/>\n\t<meta property=\"og:image:height\" content=\"600\" \/>\n\t<meta property=\"og:image:type\" content=\"image\/jpeg\" \/>\n<meta name=\"twitter:card\" content=\"summary_large_image\" \/>\n<script type=\"application\/ld+json\" class=\"yoast-schema-graph\">{\"@context\":\"https:\/\/schema.org\",\"@graph\":[{\"@type\":\"WebPage\",\"@id\":\"https:\/\/artupcollector.com\/de\/katalog\/benoit-grimbert-de\/benoit-grimbert-verso-sans-titre-25-2001-2003\/\",\"url\":\"https:\/\/artupcollector.com\/de\/katalog\/benoit-grimbert-de\/benoit-grimbert-verso-sans-titre-25-2001-2003\/\",\"name\":\"Beno\u00eet Grimbert - Verso, Sans titre, 25 (2001-2003) - ArtUpCollector\",\"isPartOf\":{\"@id\":\"https:\/\/artupcollector.com\/#website\"},\"primaryImageOfPage\":{\"@id\":\"https:\/\/artupcollector.com\/de\/katalog\/benoit-grimbert-de\/benoit-grimbert-verso-sans-titre-25-2001-2003\/#primaryimage\"},\"image\":{\"@id\":\"https:\/\/artupcollector.com\/de\/katalog\/benoit-grimbert-de\/benoit-grimbert-verso-sans-titre-25-2001-2003\/#primaryimage\"},\"thumbnailUrl\":\"https:\/\/artupcollector.com\/wp-content\/uploads\/2021\/04\/benoit-grimbert-9-verso-sans-titre-25.jpg\",\"datePublished\":\"2021-04-18T09:24:03+00:00\",\"breadcrumb\":{\"@id\":\"https:\/\/artupcollector.com\/de\/katalog\/benoit-grimbert-de\/benoit-grimbert-verso-sans-titre-25-2001-2003\/#breadcrumb\"},\"inLanguage\":\"de\",\"potentialAction\":[{\"@type\":\"ReadAction\",\"target\":[\"https:\/\/artupcollector.com\/de\/katalog\/benoit-grimbert-de\/benoit-grimbert-verso-sans-titre-25-2001-2003\/\"]}]},{\"@type\":\"ImageObject\",\"inLanguage\":\"de\",\"@id\":\"https:\/\/artupcollector.com\/de\/katalog\/benoit-grimbert-de\/benoit-grimbert-verso-sans-titre-25-2001-2003\/#primaryimage\",\"url\":\"https:\/\/artupcollector.com\/wp-content\/uploads\/2021\/04\/benoit-grimbert-9-verso-sans-titre-25.jpg\",\"contentUrl\":\"https:\/\/artupcollector.com\/wp-content\/uploads\/2021\/04\/benoit-grimbert-9-verso-sans-titre-25.jpg\",\"width\":600,\"height\":600,\"caption\":\"benoit-grimbert-9-verso-sans-titre-25\"},{\"@type\":\"BreadcrumbList\",\"@id\":\"https:\/\/artupcollector.com\/de\/katalog\/benoit-grimbert-de\/benoit-grimbert-verso-sans-titre-25-2001-2003\/#breadcrumb\",\"itemListElement\":[{\"@type\":\"ListItem\",\"position\":1,\"name\":\"Accueil\",\"item\":\"https:\/\/artupcollector.com\/\"},{\"@type\":\"ListItem\",\"position\":2,\"name\":\"Katalog\",\"item\":\"https:\/\/artupcollector.com\/de\/katalog\/\"},{\"@type\":\"ListItem\",\"position\":3,\"name\":\"Beno\u00eet Grimbert &#8211; Verso, Sans titre, 25 (2001-2003)\"}]},{\"@type\":\"WebSite\",\"@id\":\"https:\/\/artupcollector.com\/#website\",\"url\":\"https:\/\/artupcollector.com\/\",\"name\":\"ArtUpCollector\",\"description\":\"Galerie d&#039;art\",\"publisher\":{\"@id\":\"https:\/\/artupcollector.com\/#organization\"},\"potentialAction\":[{\"@type\":\"SearchAction\",\"target\":{\"@type\":\"EntryPoint\",\"urlTemplate\":\"https:\/\/artupcollector.com\/?s={search_term_string}\"},\"query-input\":{\"@type\":\"PropertyValueSpecification\",\"valueRequired\":true,\"valueName\":\"search_term_string\"}}],\"inLanguage\":\"de\"},{\"@type\":\"Organization\",\"@id\":\"https:\/\/artupcollector.com\/#organization\",\"name\":\"ArtUpCollector\",\"url\":\"https:\/\/artupcollector.com\/\",\"logo\":{\"@type\":\"ImageObject\",\"inLanguage\":\"de\",\"@id\":\"https:\/\/artupcollector.com\/#\/schema\/logo\/image\/\",\"url\":\"https:\/\/artupcollector.com\/wp-content\/uploads\/2020\/05\/artupcollector-logo400.png\",\"contentUrl\":\"https:\/\/artupcollector.com\/wp-content\/uploads\/2020\/05\/artupcollector-logo400.png\",\"width\":400,\"height\":111,\"caption\":\"ArtUpCollector\"},\"image\":{\"@id\":\"https:\/\/artupcollector.com\/#\/schema\/logo\/image\/\"},\"sameAs\":[\"https:\/\/www.facebook.com\/Artupcollectorcom-101099861821938\/\",\"https:\/\/www.instagram.com\/artupcollector\/\",\"https:\/\/www.linkedin.com\/in\/art-up-collector-5a3a621bb\/\"]}]}<\/script>\n<!-- \/ Yoast SEO plugin. -->","yoast_head_json":{"title":"Beno\u00eet Grimbert - Verso, Sans titre, 25 (2001-2003) - ArtUpCollector","robots":{"index":"index","follow":"follow","max-snippet":"max-snippet:-1","max-image-preview":"max-image-preview:large","max-video-preview":"max-video-preview:-1"},"canonical":"https:\/\/artupcollector.com\/de\/katalog\/benoit-grimbert-de\/benoit-grimbert-verso-sans-titre-25-2001-2003\/","og_locale":"de_DE","og_type":"article","og_title":"Beno\u00eet Grimbert - Verso, Sans titre, 25 (2001-2003) - ArtUpCollector","og_description":"Prise de vue argentique Impression jet d'encre \u00e0 pigments sur papier Hahnem\u00fchle Photo Rag 308g L\u00e9gend\u00e9, dat\u00e9, num\u00e9rot\u00e9 et sign\u00e9. \u00c9dition de 12 + 2 EA Non encadr\u00e9","og_url":"https:\/\/artupcollector.com\/de\/katalog\/benoit-grimbert-de\/benoit-grimbert-verso-sans-titre-25-2001-2003\/","og_site_name":"ArtUpCollector","article_publisher":"https:\/\/www.facebook.com\/Artupcollectorcom-101099861821938\/","og_image":[{"width":600,"height":600,"url":"https:\/\/artupcollector.com\/wp-content\/uploads\/2021\/04\/benoit-grimbert-9-verso-sans-titre-25.jpg","type":"image\/jpeg"}],"twitter_card":"summary_large_image","schema":{"@context":"https:\/\/schema.org","@graph":[{"@type":"WebPage","@id":"https:\/\/artupcollector.com\/de\/katalog\/benoit-grimbert-de\/benoit-grimbert-verso-sans-titre-25-2001-2003\/","url":"https:\/\/artupcollector.com\/de\/katalog\/benoit-grimbert-de\/benoit-grimbert-verso-sans-titre-25-2001-2003\/","name":"Beno\u00eet Grimbert - Verso, Sans titre, 25 (2001-2003) - ArtUpCollector","isPartOf":{"@id":"https:\/\/artupcollector.com\/#website"},"primaryImageOfPage":{"@id":"https:\/\/artupcollector.com\/de\/katalog\/benoit-grimbert-de\/benoit-grimbert-verso-sans-titre-25-2001-2003\/#primaryimage"},"image":{"@id":"https:\/\/artupcollector.com\/de\/katalog\/benoit-grimbert-de\/benoit-grimbert-verso-sans-titre-25-2001-2003\/#primaryimage"},"thumbnailUrl":"https:\/\/artupcollector.com\/wp-content\/uploads\/2021\/04\/benoit-grimbert-9-verso-sans-titre-25.jpg","datePublished":"2021-04-18T09:24:03+00:00","breadcrumb":{"@id":"https:\/\/artupcollector.com\/de\/katalog\/benoit-grimbert-de\/benoit-grimbert-verso-sans-titre-25-2001-2003\/#breadcrumb"},"inLanguage":"de","potentialAction":[{"@type":"ReadAction","target":["https:\/\/artupcollector.com\/de\/katalog\/benoit-grimbert-de\/benoit-grimbert-verso-sans-titre-25-2001-2003\/"]}]},{"@type":"ImageObject","inLanguage":"de","@id":"https:\/\/artupcollector.com\/de\/katalog\/benoit-grimbert-de\/benoit-grimbert-verso-sans-titre-25-2001-2003\/#primaryimage","url":"https:\/\/artupcollector.com\/wp-content\/uploads\/2021\/04\/benoit-grimbert-9-verso-sans-titre-25.jpg","contentUrl":"https:\/\/artupcollector.com\/wp-content\/uploads\/2021\/04\/benoit-grimbert-9-verso-sans-titre-25.jpg","width":600,"height":600,"caption":"benoit-grimbert-9-verso-sans-titre-25"},{"@type":"BreadcrumbList","@id":"https:\/\/artupcollector.com\/de\/katalog\/benoit-grimbert-de\/benoit-grimbert-verso-sans-titre-25-2001-2003\/#breadcrumb","itemListElement":[{"@type":"ListItem","position":1,"name":"Accueil","item":"https:\/\/artupcollector.com\/"},{"@type":"ListItem","position":2,"name":"Katalog","item":"https:\/\/artupcollector.com\/de\/katalog\/"},{"@type":"ListItem","position":3,"name":"Beno\u00eet Grimbert &#8211; Verso, Sans titre, 25 (2001-2003)"}]},{"@type":"WebSite","@id":"https:\/\/artupcollector.com\/#website","url":"https:\/\/artupcollector.com\/","name":"ArtUpCollector","description":"Galerie d&#039;art","publisher":{"@id":"https:\/\/artupcollector.com\/#organization"},"potentialAction":[{"@type":"SearchAction","target":{"@type":"EntryPoint","urlTemplate":"https:\/\/artupcollector.com\/?s={search_term_string}"},"query-input":{"@type":"PropertyValueSpecification","valueRequired":true,"valueName":"search_term_string"}}],"inLanguage":"de"},{"@type":"Organization","@id":"https:\/\/artupcollector.com\/#organization","name":"ArtUpCollector","url":"https:\/\/artupcollector.com\/","logo":{"@type":"ImageObject","inLanguage":"de","@id":"https:\/\/artupcollector.com\/#\/schema\/logo\/image\/","url":"https:\/\/artupcollector.com\/wp-content\/uploads\/2020\/05\/artupcollector-logo400.png","contentUrl":"https:\/\/artupcollector.com\/wp-content\/uploads\/2020\/05\/artupcollector-logo400.png","width":400,"height":111,"caption":"ArtUpCollector"},"image":{"@id":"https:\/\/artupcollector.com\/#\/schema\/logo\/image\/"},"sameAs":["https:\/\/www.facebook.com\/Artupcollectorcom-101099861821938\/","https:\/\/www.instagram.com\/artupcollector\/","https:\/\/www.linkedin.com\/in\/art-up-collector-5a3a621bb\/"]}]}},"_links":{"self":[{"href":"https:\/\/artupcollector.com\/de\/wp-json\/wp\/v2\/product\/3151","targetHints":{"allow":["GET"]}}],"collection":[{"href":"https:\/\/artupcollector.com\/de\/wp-json\/wp\/v2\/product"}],"about":[{"href":"https:\/\/artupcollector.com\/de\/wp-json\/wp\/v2\/types\/product"}],"wp:featuredmedia":[{"embeddable":true,"href":"https:\/\/artupcollector.com\/de\/wp-json\/wp\/v2\/media\/2708"}],"wp:attachment":[{"href":"https:\/\/artupcollector.com\/de\/wp-json\/wp\/v2\/media?parent=3151"}],"wp:term":[{"taxonomy":"product_brand","embeddable":true,"href":"https:\/\/artupcollector.com\/de\/wp-json\/wp\/v2\/product_brand?post=3151"},{"taxonomy":"product_cat","embeddable":true,"href":"https:\/\/artupcollector.com\/de\/wp-json\/wp\/v2\/product_cat?post=3151"},{"taxonomy":"product_tag","embeddable":true,"href":"https:\/\/artupcollector.com\/de\/wp-json\/wp\/v2\/product_tag?post=3151"}],"curies":[{"name":"wp","href":"https:\/\/api.w.org\/{rel}","templated":true}]}}