{"id":3572,"date":"2021-01-16T08:21:59","date_gmt":"2021-01-16T07:21:59","guid":{"rendered":"https:\/\/artupcollector.com\/catalogue\/unkategorisiert\/jean-christophe-ballot-paris-confine-10-place-des-victoires-2020\/"},"modified":"2021-01-16T08:21:59","modified_gmt":"2021-01-16T07:21:59","slug":"jean-christophe-ballot-paris-confine-10-place-des-victoires-2020","status":"publish","type":"product","link":"https:\/\/artupcollector.com\/de\/katalog\/jean-christophe-ballot-de\/jean-christophe-ballot-paris-confine-10-place-des-victoires-2020\/","title":{"rendered":"Jean-Christophe Ballot &#8211; Paris confin\u00e9 10, Place des Victoires (2020)"},"content":{"rendered":"","protected":false},"excerpt":{"rendered":"<p><strong>Paris confin\u00e9 10<\/strong><br \/>\nPlace des Victoires<br \/>\n48\u00b051&#8217;58&#8243;N 2\u00b020&#8217;29&#8243;E<br \/>\nLa place des Victoires est l\u2019une des cinq places royales de Paris. La statue \u00e9questre de Louis XIV au centre de la place est l\u2019\u0153uvre de Fran\u00e7ois Joseph Bosio.<\/p>\n<p>Prise de vue num\u00e9rique<br \/>\nTirage lambda sur papier argentique C-Print<\/p>\n<p><em>L\u00e9gend\u00e9, dat\u00e9, num\u00e9rot\u00e9 et sign\u00e9. Edition de 9 exemplaires.<\/em><\/p>\n<p><a href=\"https:\/\/drive.google.com\/file\/d\/1sRjGxRiB-aUhRqhsYquJ0hG_jxBLRf4b\/view?usp=sharing\" target=\"_blank\" rel=\"noopener\"><span style=\"text-decoration: underline;\">Paris, l&#8217;autre visage du confinement &#8211; Pr\u00e9sentation \/ note d&#8217;intention<\/span><\/a><\/p>\n","protected":false},"featured_media":1447,"template":"","meta":[],"product_brand":[],"product_cat":[90],"product_tag":[],"class_list":{"0":"post-3572","1":"product","2":"type-product","3":"status-publish","4":"has-post-thumbnail","6":"product_cat-jean-christophe-ballot-de","7":"pa_types-doeuvres-fotografie","9":"first","10":"instock","11":"shipping-taxable","12":"purchasable","13":"product-type-variable"},"yoast_head":"<!-- This site is optimized with the Yoast SEO plugin v27.4 - https:\/\/yoast.com\/product\/yoast-seo-wordpress\/ -->\n<title>Jean-Christophe Ballot - Paris confin\u00e9 10, Place des Victoires (2020) - ArtUpCollector<\/title>\n<meta name=\"robots\" content=\"index, follow, max-snippet:-1, max-image-preview:large, max-video-preview:-1\" \/>\n<link rel=\"canonical\" href=\"https:\/\/artupcollector.com\/de\/katalog\/jean-christophe-ballot-de\/jean-christophe-ballot-paris-confine-10-place-des-victoires-2020\/\" \/>\n<meta property=\"og:locale\" content=\"de_DE\" \/>\n<meta property=\"og:type\" content=\"article\" \/>\n<meta property=\"og:title\" content=\"Jean-Christophe Ballot - Paris confin\u00e9 10, Place des Victoires (2020) - ArtUpCollector\" \/>\n<meta property=\"og:description\" content=\"Paris confin\u00e9 10 Place des Victoires 48\u00b051&#039;58&quot;N 2\u00b020&#039;29&quot;E La place des Victoires est l\u2019une des cinq places royales de Paris. La statue \u00e9questre de Louis XIV au centre de la place est l\u2019\u0153uvre de Fran\u00e7ois Joseph Bosio.  Prise de vue num\u00e9rique Tirage lambda sur papier argentique C-Print  L\u00e9gend\u00e9, dat\u00e9, num\u00e9rot\u00e9 et sign\u00e9. Edition de 9 exemplaires.  Paris, l&#039;autre visage du confinement - Pr\u00e9sentation \/ note d&#039;intention\" \/>\n<meta property=\"og:url\" content=\"https:\/\/artupcollector.com\/de\/katalog\/jean-christophe-ballot-de\/jean-christophe-ballot-paris-confine-10-place-des-victoires-2020\/\" \/>\n<meta property=\"og:site_name\" content=\"ArtUpCollector\" \/>\n<meta property=\"article:publisher\" content=\"https:\/\/www.facebook.com\/Artupcollectorcom-101099861821938\/\" \/>\n<meta property=\"og:image\" content=\"https:\/\/artupcollector.com\/wp-content\/uploads\/2021\/01\/jean-christophe-ballot-26-Paris-confine-avril-2020.jpg\" \/>\n\t<meta property=\"og:image:width\" content=\"1500\" \/>\n\t<meta property=\"og:image:height\" content=\"1000\" \/>\n\t<meta property=\"og:image:type\" content=\"image\/jpeg\" \/>\n<meta name=\"twitter:card\" content=\"summary_large_image\" \/>\n<script type=\"application\/ld+json\" class=\"yoast-schema-graph\">{\"@context\":\"https:\\\/\\\/schema.org\",\"@graph\":[{\"@type\":\"WebPage\",\"@id\":\"https:\\\/\\\/artupcollector.com\\\/de\\\/katalog\\\/jean-christophe-ballot-de\\\/jean-christophe-ballot-paris-confine-10-place-des-victoires-2020\\\/\",\"url\":\"https:\\\/\\\/artupcollector.com\\\/de\\\/katalog\\\/jean-christophe-ballot-de\\\/jean-christophe-ballot-paris-confine-10-place-des-victoires-2020\\\/\",\"name\":\"Jean-Christophe Ballot - Paris confin\u00e9 10, Place des Victoires (2020) - ArtUpCollector\",\"isPartOf\":{\"@id\":\"https:\\\/\\\/artupcollector.com\\\/#website\"},\"primaryImageOfPage\":{\"@id\":\"https:\\\/\\\/artupcollector.com\\\/de\\\/katalog\\\/jean-christophe-ballot-de\\\/jean-christophe-ballot-paris-confine-10-place-des-victoires-2020\\\/#primaryimage\"},\"image\":{\"@id\":\"https:\\\/\\\/artupcollector.com\\\/de\\\/katalog\\\/jean-christophe-ballot-de\\\/jean-christophe-ballot-paris-confine-10-place-des-victoires-2020\\\/#primaryimage\"},\"thumbnailUrl\":\"https:\\\/\\\/artupcollector.com\\\/wp-content\\\/uploads\\\/2021\\\/01\\\/jean-christophe-ballot-26-Paris-confine-avril-2020.jpg\",\"datePublished\":\"2021-01-16T07:21:59+00:00\",\"breadcrumb\":{\"@id\":\"https:\\\/\\\/artupcollector.com\\\/de\\\/katalog\\\/jean-christophe-ballot-de\\\/jean-christophe-ballot-paris-confine-10-place-des-victoires-2020\\\/#breadcrumb\"},\"inLanguage\":\"de\",\"potentialAction\":[{\"@type\":\"ReadAction\",\"target\":[\"https:\\\/\\\/artupcollector.com\\\/de\\\/katalog\\\/jean-christophe-ballot-de\\\/jean-christophe-ballot-paris-confine-10-place-des-victoires-2020\\\/\"]}]},{\"@type\":\"ImageObject\",\"inLanguage\":\"de\",\"@id\":\"https:\\\/\\\/artupcollector.com\\\/de\\\/katalog\\\/jean-christophe-ballot-de\\\/jean-christophe-ballot-paris-confine-10-place-des-victoires-2020\\\/#primaryimage\",\"url\":\"https:\\\/\\\/artupcollector.com\\\/wp-content\\\/uploads\\\/2021\\\/01\\\/jean-christophe-ballot-26-Paris-confine-avril-2020.jpg\",\"contentUrl\":\"https:\\\/\\\/artupcollector.com\\\/wp-content\\\/uploads\\\/2021\\\/01\\\/jean-christophe-ballot-26-Paris-confine-avril-2020.jpg\",\"width\":1500,\"height\":1000,\"caption\":\"jean-christophe-ballot-26-Paris-confin\u00e9-avril-2020\"},{\"@type\":\"BreadcrumbList\",\"@id\":\"https:\\\/\\\/artupcollector.com\\\/de\\\/katalog\\\/jean-christophe-ballot-de\\\/jean-christophe-ballot-paris-confine-10-place-des-victoires-2020\\\/#breadcrumb\",\"itemListElement\":[{\"@type\":\"ListItem\",\"position\":1,\"name\":\"Accueil\",\"item\":\"https:\\\/\\\/artupcollector.com\\\/\"},{\"@type\":\"ListItem\",\"position\":2,\"name\":\"Katalog\",\"item\":\"https:\\\/\\\/artupcollector.com\\\/de\\\/katalog\\\/\"},{\"@type\":\"ListItem\",\"position\":3,\"name\":\"Jean-Christophe Ballot &#8211; Paris confin\u00e9 10, Place des Victoires (2020)\"}]},{\"@type\":\"WebSite\",\"@id\":\"https:\\\/\\\/artupcollector.com\\\/#website\",\"url\":\"https:\\\/\\\/artupcollector.com\\\/\",\"name\":\"ArtUpCollector\",\"description\":\"Galerie d&#039;art\",\"publisher\":{\"@id\":\"https:\\\/\\\/artupcollector.com\\\/#organization\"},\"potentialAction\":[{\"@type\":\"SearchAction\",\"target\":{\"@type\":\"EntryPoint\",\"urlTemplate\":\"https:\\\/\\\/artupcollector.com\\\/?s={search_term_string}\"},\"query-input\":{\"@type\":\"PropertyValueSpecification\",\"valueRequired\":true,\"valueName\":\"search_term_string\"}}],\"inLanguage\":\"de\"},{\"@type\":\"Organization\",\"@id\":\"https:\\\/\\\/artupcollector.com\\\/#organization\",\"name\":\"ArtUpCollector\",\"url\":\"https:\\\/\\\/artupcollector.com\\\/\",\"logo\":{\"@type\":\"ImageObject\",\"inLanguage\":\"de\",\"@id\":\"https:\\\/\\\/artupcollector.com\\\/#\\\/schema\\\/logo\\\/image\\\/\",\"url\":\"https:\\\/\\\/artupcollector.com\\\/wp-content\\\/uploads\\\/2020\\\/05\\\/artupcollector-logo400.png\",\"contentUrl\":\"https:\\\/\\\/artupcollector.com\\\/wp-content\\\/uploads\\\/2020\\\/05\\\/artupcollector-logo400.png\",\"width\":400,\"height\":111,\"caption\":\"ArtUpCollector\"},\"image\":{\"@id\":\"https:\\\/\\\/artupcollector.com\\\/#\\\/schema\\\/logo\\\/image\\\/\"},\"sameAs\":[\"https:\\\/\\\/www.facebook.com\\\/Artupcollectorcom-101099861821938\\\/\",\"https:\\\/\\\/www.instagram.com\\\/artupcollector\\\/\",\"https:\\\/\\\/www.linkedin.com\\\/in\\\/art-up-collector-5a3a621bb\\\/\"]}]}<\/script>\n<!-- \/ Yoast SEO plugin. -->","yoast_head_json":{"title":"Jean-Christophe Ballot - Paris confin\u00e9 10, Place des Victoires (2020) - ArtUpCollector","robots":{"index":"index","follow":"follow","max-snippet":"max-snippet:-1","max-image-preview":"max-image-preview:large","max-video-preview":"max-video-preview:-1"},"canonical":"https:\/\/artupcollector.com\/de\/katalog\/jean-christophe-ballot-de\/jean-christophe-ballot-paris-confine-10-place-des-victoires-2020\/","og_locale":"de_DE","og_type":"article","og_title":"Jean-Christophe Ballot - Paris confin\u00e9 10, Place des Victoires (2020) - ArtUpCollector","og_description":"Paris confin\u00e9 10 Place des Victoires 48\u00b051'58\"N 2\u00b020'29\"E La place des Victoires est l\u2019une des cinq places royales de Paris. La statue \u00e9questre de Louis XIV au centre de la place est l\u2019\u0153uvre de Fran\u00e7ois Joseph Bosio.  Prise de vue num\u00e9rique Tirage lambda sur papier argentique C-Print  L\u00e9gend\u00e9, dat\u00e9, num\u00e9rot\u00e9 et sign\u00e9. Edition de 9 exemplaires.  Paris, l'autre visage du confinement - Pr\u00e9sentation \/ note d'intention","og_url":"https:\/\/artupcollector.com\/de\/katalog\/jean-christophe-ballot-de\/jean-christophe-ballot-paris-confine-10-place-des-victoires-2020\/","og_site_name":"ArtUpCollector","article_publisher":"https:\/\/www.facebook.com\/Artupcollectorcom-101099861821938\/","og_image":[{"width":1500,"height":1000,"url":"https:\/\/artupcollector.com\/wp-content\/uploads\/2021\/01\/jean-christophe-ballot-26-Paris-confine-avril-2020.jpg","type":"image\/jpeg"}],"twitter_card":"summary_large_image","schema":{"@context":"https:\/\/schema.org","@graph":[{"@type":"WebPage","@id":"https:\/\/artupcollector.com\/de\/katalog\/jean-christophe-ballot-de\/jean-christophe-ballot-paris-confine-10-place-des-victoires-2020\/","url":"https:\/\/artupcollector.com\/de\/katalog\/jean-christophe-ballot-de\/jean-christophe-ballot-paris-confine-10-place-des-victoires-2020\/","name":"Jean-Christophe Ballot - Paris confin\u00e9 10, Place des Victoires (2020) - ArtUpCollector","isPartOf":{"@id":"https:\/\/artupcollector.com\/#website"},"primaryImageOfPage":{"@id":"https:\/\/artupcollector.com\/de\/katalog\/jean-christophe-ballot-de\/jean-christophe-ballot-paris-confine-10-place-des-victoires-2020\/#primaryimage"},"image":{"@id":"https:\/\/artupcollector.com\/de\/katalog\/jean-christophe-ballot-de\/jean-christophe-ballot-paris-confine-10-place-des-victoires-2020\/#primaryimage"},"thumbnailUrl":"https:\/\/artupcollector.com\/wp-content\/uploads\/2021\/01\/jean-christophe-ballot-26-Paris-confine-avril-2020.jpg","datePublished":"2021-01-16T07:21:59+00:00","breadcrumb":{"@id":"https:\/\/artupcollector.com\/de\/katalog\/jean-christophe-ballot-de\/jean-christophe-ballot-paris-confine-10-place-des-victoires-2020\/#breadcrumb"},"inLanguage":"de","potentialAction":[{"@type":"ReadAction","target":["https:\/\/artupcollector.com\/de\/katalog\/jean-christophe-ballot-de\/jean-christophe-ballot-paris-confine-10-place-des-victoires-2020\/"]}]},{"@type":"ImageObject","inLanguage":"de","@id":"https:\/\/artupcollector.com\/de\/katalog\/jean-christophe-ballot-de\/jean-christophe-ballot-paris-confine-10-place-des-victoires-2020\/#primaryimage","url":"https:\/\/artupcollector.com\/wp-content\/uploads\/2021\/01\/jean-christophe-ballot-26-Paris-confine-avril-2020.jpg","contentUrl":"https:\/\/artupcollector.com\/wp-content\/uploads\/2021\/01\/jean-christophe-ballot-26-Paris-confine-avril-2020.jpg","width":1500,"height":1000,"caption":"jean-christophe-ballot-26-Paris-confin\u00e9-avril-2020"},{"@type":"BreadcrumbList","@id":"https:\/\/artupcollector.com\/de\/katalog\/jean-christophe-ballot-de\/jean-christophe-ballot-paris-confine-10-place-des-victoires-2020\/#breadcrumb","itemListElement":[{"@type":"ListItem","position":1,"name":"Accueil","item":"https:\/\/artupcollector.com\/"},{"@type":"ListItem","position":2,"name":"Katalog","item":"https:\/\/artupcollector.com\/de\/katalog\/"},{"@type":"ListItem","position":3,"name":"Jean-Christophe Ballot &#8211; Paris confin\u00e9 10, Place des Victoires (2020)"}]},{"@type":"WebSite","@id":"https:\/\/artupcollector.com\/#website","url":"https:\/\/artupcollector.com\/","name":"ArtUpCollector","description":"Galerie d&#039;art","publisher":{"@id":"https:\/\/artupcollector.com\/#organization"},"potentialAction":[{"@type":"SearchAction","target":{"@type":"EntryPoint","urlTemplate":"https:\/\/artupcollector.com\/?s={search_term_string}"},"query-input":{"@type":"PropertyValueSpecification","valueRequired":true,"valueName":"search_term_string"}}],"inLanguage":"de"},{"@type":"Organization","@id":"https:\/\/artupcollector.com\/#organization","name":"ArtUpCollector","url":"https:\/\/artupcollector.com\/","logo":{"@type":"ImageObject","inLanguage":"de","@id":"https:\/\/artupcollector.com\/#\/schema\/logo\/image\/","url":"https:\/\/artupcollector.com\/wp-content\/uploads\/2020\/05\/artupcollector-logo400.png","contentUrl":"https:\/\/artupcollector.com\/wp-content\/uploads\/2020\/05\/artupcollector-logo400.png","width":400,"height":111,"caption":"ArtUpCollector"},"image":{"@id":"https:\/\/artupcollector.com\/#\/schema\/logo\/image\/"},"sameAs":["https:\/\/www.facebook.com\/Artupcollectorcom-101099861821938\/","https:\/\/www.instagram.com\/artupcollector\/","https:\/\/www.linkedin.com\/in\/art-up-collector-5a3a621bb\/"]}]}},"_links":{"self":[{"href":"https:\/\/artupcollector.com\/de\/wp-json\/wp\/v2\/product\/3572","targetHints":{"allow":["GET"]}}],"collection":[{"href":"https:\/\/artupcollector.com\/de\/wp-json\/wp\/v2\/product"}],"about":[{"href":"https:\/\/artupcollector.com\/de\/wp-json\/wp\/v2\/types\/product"}],"wp:featuredmedia":[{"embeddable":true,"href":"https:\/\/artupcollector.com\/de\/wp-json\/wp\/v2\/media\/1447"}],"wp:attachment":[{"href":"https:\/\/artupcollector.com\/de\/wp-json\/wp\/v2\/media?parent=3572"}],"wp:term":[{"taxonomy":"product_brand","embeddable":true,"href":"https:\/\/artupcollector.com\/de\/wp-json\/wp\/v2\/product_brand?post=3572"},{"taxonomy":"product_cat","embeddable":true,"href":"https:\/\/artupcollector.com\/de\/wp-json\/wp\/v2\/product_cat?post=3572"},{"taxonomy":"product_tag","embeddable":true,"href":"https:\/\/artupcollector.com\/de\/wp-json\/wp\/v2\/product_tag?post=3572"}],"curies":[{"name":"wp","href":"https:\/\/api.w.org\/{rel}","templated":true}]}}