{"id":3738,"date":"2020-08-03T11:34:17","date_gmt":"2020-08-03T09:34:17","guid":{"rendered":"https:\/\/artupcollector.com\/catalogue\/unkategorisiert\/marie-helene-fabra-personnage-dans-une-tempete-2020\/"},"modified":"2021-07-30T09:44:07","modified_gmt":"2021-07-30T07:44:07","slug":"marie-helene-fabra-personnage-dans-une-tempete-2020","status":"publish","type":"product","link":"https:\/\/artupcollector.com\/de\/katalog\/marie-helene-fabra-de\/marie-helene-fabra-personnage-dans-une-tempete-2020\/","title":{"rendered":"Marie-H\u00e9l\u00e8ne Fabra &#8211; Personnage dans une temp\u00eate (2020)"},"content":{"rendered":"","protected":false},"excerpt":{"rendered":"<p>Huile sur toile, 2020<br \/>\n130 x 130 cm<\/p>\n","protected":false},"featured_media":1019,"template":"","meta":[],"product_brand":[],"product_cat":[94],"product_tag":[],"class_list":{"0":"post-3738","1":"product","2":"type-product","3":"status-publish","4":"has-post-thumbnail","6":"product_cat-marie-helene-fabra-de","7":"pa_techniques-ol-auf-leinwand","8":"pa_types-doeuvres-malerei","10":"first","11":"instock","12":"shipping-taxable","13":"purchasable","14":"product-type-simple"},"yoast_head":"<!-- This site is optimized with the Yoast SEO plugin v27.1.1 - https:\/\/yoast.com\/product\/yoast-seo-wordpress\/ -->\n<title>Marie-H\u00e9l\u00e8ne Fabra - Personnage dans une temp\u00eate (2020) - ArtUpCollector<\/title>\n<meta name=\"robots\" content=\"index, follow, max-snippet:-1, max-image-preview:large, max-video-preview:-1\" \/>\n<link rel=\"canonical\" href=\"https:\/\/artupcollector.com\/de\/katalog\/marie-helene-fabra-de\/marie-helene-fabra-personnage-dans-une-tempete-2020\/\" \/>\n<meta property=\"og:locale\" content=\"de_DE\" \/>\n<meta property=\"og:type\" content=\"article\" \/>\n<meta property=\"og:title\" content=\"Marie-H\u00e9l\u00e8ne Fabra - Personnage dans une temp\u00eate (2020) - ArtUpCollector\" \/>\n<meta property=\"og:description\" content=\"Huile sur toile, 2020 130 x 130 cm\" \/>\n<meta property=\"og:url\" content=\"https:\/\/artupcollector.com\/de\/katalog\/marie-helene-fabra-de\/marie-helene-fabra-personnage-dans-une-tempete-2020\/\" \/>\n<meta property=\"og:site_name\" content=\"ArtUpCollector\" \/>\n<meta property=\"article:publisher\" content=\"https:\/\/www.facebook.com\/Artupcollectorcom-101099861821938\/\" \/>\n<meta property=\"article:modified_time\" content=\"2021-07-30T07:44:07+00:00\" \/>\n<meta property=\"og:image\" content=\"https:\/\/artupcollector.com\/wp-content\/uploads\/2020\/08\/marie-helene-fabra-6-personnage-dans-une-temp\u00eate.jpg\" \/>\n\t<meta property=\"og:image:width\" content=\"1600\" \/>\n\t<meta property=\"og:image:height\" content=\"1600\" \/>\n\t<meta property=\"og:image:type\" content=\"image\/jpeg\" \/>\n<meta name=\"twitter:card\" content=\"summary_large_image\" \/>\n<script type=\"application\/ld+json\" class=\"yoast-schema-graph\">{\"@context\":\"https:\/\/schema.org\",\"@graph\":[{\"@type\":\"WebPage\",\"@id\":\"https:\/\/artupcollector.com\/de\/katalog\/marie-helene-fabra-de\/marie-helene-fabra-personnage-dans-une-tempete-2020\/\",\"url\":\"https:\/\/artupcollector.com\/de\/katalog\/marie-helene-fabra-de\/marie-helene-fabra-personnage-dans-une-tempete-2020\/\",\"name\":\"Marie-H\u00e9l\u00e8ne Fabra - Personnage dans une temp\u00eate (2020) - ArtUpCollector\",\"isPartOf\":{\"@id\":\"https:\/\/artupcollector.com\/#website\"},\"primaryImageOfPage\":{\"@id\":\"https:\/\/artupcollector.com\/de\/katalog\/marie-helene-fabra-de\/marie-helene-fabra-personnage-dans-une-tempete-2020\/#primaryimage\"},\"image\":{\"@id\":\"https:\/\/artupcollector.com\/de\/katalog\/marie-helene-fabra-de\/marie-helene-fabra-personnage-dans-une-tempete-2020\/#primaryimage\"},\"thumbnailUrl\":\"https:\/\/artupcollector.com\/wp-content\/uploads\/2020\/08\/marie-helene-fabra-6-personnage-dans-une-temp\u00eate.jpg\",\"datePublished\":\"2020-08-03T09:34:17+00:00\",\"dateModified\":\"2021-07-30T07:44:07+00:00\",\"breadcrumb\":{\"@id\":\"https:\/\/artupcollector.com\/de\/katalog\/marie-helene-fabra-de\/marie-helene-fabra-personnage-dans-une-tempete-2020\/#breadcrumb\"},\"inLanguage\":\"de\",\"potentialAction\":[{\"@type\":\"ReadAction\",\"target\":[\"https:\/\/artupcollector.com\/de\/katalog\/marie-helene-fabra-de\/marie-helene-fabra-personnage-dans-une-tempete-2020\/\"]}]},{\"@type\":\"ImageObject\",\"inLanguage\":\"de\",\"@id\":\"https:\/\/artupcollector.com\/de\/katalog\/marie-helene-fabra-de\/marie-helene-fabra-personnage-dans-une-tempete-2020\/#primaryimage\",\"url\":\"https:\/\/artupcollector.com\/wp-content\/uploads\/2020\/08\/marie-helene-fabra-6-personnage-dans-une-temp\u00eate.jpg\",\"contentUrl\":\"https:\/\/artupcollector.com\/wp-content\/uploads\/2020\/08\/marie-helene-fabra-6-personnage-dans-une-temp\u00eate.jpg\",\"width\":1600,\"height\":1600},{\"@type\":\"BreadcrumbList\",\"@id\":\"https:\/\/artupcollector.com\/de\/katalog\/marie-helene-fabra-de\/marie-helene-fabra-personnage-dans-une-tempete-2020\/#breadcrumb\",\"itemListElement\":[{\"@type\":\"ListItem\",\"position\":1,\"name\":\"Accueil\",\"item\":\"https:\/\/artupcollector.com\/\"},{\"@type\":\"ListItem\",\"position\":2,\"name\":\"Katalog\",\"item\":\"https:\/\/artupcollector.com\/de\/katalog\/\"},{\"@type\":\"ListItem\",\"position\":3,\"name\":\"Marie-H\u00e9l\u00e8ne Fabra &#8211; Personnage dans une temp\u00eate (2020)\"}]},{\"@type\":\"WebSite\",\"@id\":\"https:\/\/artupcollector.com\/#website\",\"url\":\"https:\/\/artupcollector.com\/\",\"name\":\"ArtUpCollector\",\"description\":\"Galerie d&#039;art\",\"publisher\":{\"@id\":\"https:\/\/artupcollector.com\/#organization\"},\"potentialAction\":[{\"@type\":\"SearchAction\",\"target\":{\"@type\":\"EntryPoint\",\"urlTemplate\":\"https:\/\/artupcollector.com\/?s={search_term_string}\"},\"query-input\":{\"@type\":\"PropertyValueSpecification\",\"valueRequired\":true,\"valueName\":\"search_term_string\"}}],\"inLanguage\":\"de\"},{\"@type\":\"Organization\",\"@id\":\"https:\/\/artupcollector.com\/#organization\",\"name\":\"ArtUpCollector\",\"url\":\"https:\/\/artupcollector.com\/\",\"logo\":{\"@type\":\"ImageObject\",\"inLanguage\":\"de\",\"@id\":\"https:\/\/artupcollector.com\/#\/schema\/logo\/image\/\",\"url\":\"https:\/\/artupcollector.com\/wp-content\/uploads\/2020\/05\/artupcollector-logo400.png\",\"contentUrl\":\"https:\/\/artupcollector.com\/wp-content\/uploads\/2020\/05\/artupcollector-logo400.png\",\"width\":400,\"height\":111,\"caption\":\"ArtUpCollector\"},\"image\":{\"@id\":\"https:\/\/artupcollector.com\/#\/schema\/logo\/image\/\"},\"sameAs\":[\"https:\/\/www.facebook.com\/Artupcollectorcom-101099861821938\/\",\"https:\/\/www.instagram.com\/artupcollector\/\",\"https:\/\/www.linkedin.com\/in\/art-up-collector-5a3a621bb\/\"]}]}<\/script>\n<!-- \/ Yoast SEO plugin. -->","yoast_head_json":{"title":"Marie-H\u00e9l\u00e8ne Fabra - Personnage dans une temp\u00eate (2020) - ArtUpCollector","robots":{"index":"index","follow":"follow","max-snippet":"max-snippet:-1","max-image-preview":"max-image-preview:large","max-video-preview":"max-video-preview:-1"},"canonical":"https:\/\/artupcollector.com\/de\/katalog\/marie-helene-fabra-de\/marie-helene-fabra-personnage-dans-une-tempete-2020\/","og_locale":"de_DE","og_type":"article","og_title":"Marie-H\u00e9l\u00e8ne Fabra - Personnage dans une temp\u00eate (2020) - ArtUpCollector","og_description":"Huile sur toile, 2020 130 x 130 cm","og_url":"https:\/\/artupcollector.com\/de\/katalog\/marie-helene-fabra-de\/marie-helene-fabra-personnage-dans-une-tempete-2020\/","og_site_name":"ArtUpCollector","article_publisher":"https:\/\/www.facebook.com\/Artupcollectorcom-101099861821938\/","article_modified_time":"2021-07-30T07:44:07+00:00","og_image":[{"width":1600,"height":1600,"url":"https:\/\/artupcollector.com\/wp-content\/uploads\/2020\/08\/marie-helene-fabra-6-personnage-dans-une-temp\u00eate.jpg","type":"image\/jpeg"}],"twitter_card":"summary_large_image","schema":{"@context":"https:\/\/schema.org","@graph":[{"@type":"WebPage","@id":"https:\/\/artupcollector.com\/de\/katalog\/marie-helene-fabra-de\/marie-helene-fabra-personnage-dans-une-tempete-2020\/","url":"https:\/\/artupcollector.com\/de\/katalog\/marie-helene-fabra-de\/marie-helene-fabra-personnage-dans-une-tempete-2020\/","name":"Marie-H\u00e9l\u00e8ne Fabra - Personnage dans une temp\u00eate (2020) - ArtUpCollector","isPartOf":{"@id":"https:\/\/artupcollector.com\/#website"},"primaryImageOfPage":{"@id":"https:\/\/artupcollector.com\/de\/katalog\/marie-helene-fabra-de\/marie-helene-fabra-personnage-dans-une-tempete-2020\/#primaryimage"},"image":{"@id":"https:\/\/artupcollector.com\/de\/katalog\/marie-helene-fabra-de\/marie-helene-fabra-personnage-dans-une-tempete-2020\/#primaryimage"},"thumbnailUrl":"https:\/\/artupcollector.com\/wp-content\/uploads\/2020\/08\/marie-helene-fabra-6-personnage-dans-une-temp\u00eate.jpg","datePublished":"2020-08-03T09:34:17+00:00","dateModified":"2021-07-30T07:44:07+00:00","breadcrumb":{"@id":"https:\/\/artupcollector.com\/de\/katalog\/marie-helene-fabra-de\/marie-helene-fabra-personnage-dans-une-tempete-2020\/#breadcrumb"},"inLanguage":"de","potentialAction":[{"@type":"ReadAction","target":["https:\/\/artupcollector.com\/de\/katalog\/marie-helene-fabra-de\/marie-helene-fabra-personnage-dans-une-tempete-2020\/"]}]},{"@type":"ImageObject","inLanguage":"de","@id":"https:\/\/artupcollector.com\/de\/katalog\/marie-helene-fabra-de\/marie-helene-fabra-personnage-dans-une-tempete-2020\/#primaryimage","url":"https:\/\/artupcollector.com\/wp-content\/uploads\/2020\/08\/marie-helene-fabra-6-personnage-dans-une-temp\u00eate.jpg","contentUrl":"https:\/\/artupcollector.com\/wp-content\/uploads\/2020\/08\/marie-helene-fabra-6-personnage-dans-une-temp\u00eate.jpg","width":1600,"height":1600},{"@type":"BreadcrumbList","@id":"https:\/\/artupcollector.com\/de\/katalog\/marie-helene-fabra-de\/marie-helene-fabra-personnage-dans-une-tempete-2020\/#breadcrumb","itemListElement":[{"@type":"ListItem","position":1,"name":"Accueil","item":"https:\/\/artupcollector.com\/"},{"@type":"ListItem","position":2,"name":"Katalog","item":"https:\/\/artupcollector.com\/de\/katalog\/"},{"@type":"ListItem","position":3,"name":"Marie-H\u00e9l\u00e8ne Fabra &#8211; Personnage dans une temp\u00eate (2020)"}]},{"@type":"WebSite","@id":"https:\/\/artupcollector.com\/#website","url":"https:\/\/artupcollector.com\/","name":"ArtUpCollector","description":"Galerie d&#039;art","publisher":{"@id":"https:\/\/artupcollector.com\/#organization"},"potentialAction":[{"@type":"SearchAction","target":{"@type":"EntryPoint","urlTemplate":"https:\/\/artupcollector.com\/?s={search_term_string}"},"query-input":{"@type":"PropertyValueSpecification","valueRequired":true,"valueName":"search_term_string"}}],"inLanguage":"de"},{"@type":"Organization","@id":"https:\/\/artupcollector.com\/#organization","name":"ArtUpCollector","url":"https:\/\/artupcollector.com\/","logo":{"@type":"ImageObject","inLanguage":"de","@id":"https:\/\/artupcollector.com\/#\/schema\/logo\/image\/","url":"https:\/\/artupcollector.com\/wp-content\/uploads\/2020\/05\/artupcollector-logo400.png","contentUrl":"https:\/\/artupcollector.com\/wp-content\/uploads\/2020\/05\/artupcollector-logo400.png","width":400,"height":111,"caption":"ArtUpCollector"},"image":{"@id":"https:\/\/artupcollector.com\/#\/schema\/logo\/image\/"},"sameAs":["https:\/\/www.facebook.com\/Artupcollectorcom-101099861821938\/","https:\/\/www.instagram.com\/artupcollector\/","https:\/\/www.linkedin.com\/in\/art-up-collector-5a3a621bb\/"]}]}},"_links":{"self":[{"href":"https:\/\/artupcollector.com\/de\/wp-json\/wp\/v2\/product\/3738","targetHints":{"allow":["GET"]}}],"collection":[{"href":"https:\/\/artupcollector.com\/de\/wp-json\/wp\/v2\/product"}],"about":[{"href":"https:\/\/artupcollector.com\/de\/wp-json\/wp\/v2\/types\/product"}],"wp:featuredmedia":[{"embeddable":true,"href":"https:\/\/artupcollector.com\/de\/wp-json\/wp\/v2\/media\/1019"}],"wp:attachment":[{"href":"https:\/\/artupcollector.com\/de\/wp-json\/wp\/v2\/media?parent=3738"}],"wp:term":[{"taxonomy":"product_brand","embeddable":true,"href":"https:\/\/artupcollector.com\/de\/wp-json\/wp\/v2\/product_brand?post=3738"},{"taxonomy":"product_cat","embeddable":true,"href":"https:\/\/artupcollector.com\/de\/wp-json\/wp\/v2\/product_cat?post=3738"},{"taxonomy":"product_tag","embeddable":true,"href":"https:\/\/artupcollector.com\/de\/wp-json\/wp\/v2\/product_tag?post=3738"}],"curies":[{"name":"wp","href":"https:\/\/api.w.org\/{rel}","templated":true}]}}