{"id":3744,"date":"2020-06-25T11:22:14","date_gmt":"2020-06-25T09:22:14","guid":{"rendered":"https:\/\/artupcollector.com\/catalogue\/unkategorisiert\/marie-amelie-germain-grand-ciel-bleu-2018\/"},"modified":"2020-06-25T11:22:14","modified_gmt":"2020-06-25T09:22:14","slug":"marie-amelie-germain-grand-ciel-bleu-2018","status":"publish","type":"product","link":"https:\/\/artupcollector.com\/de\/katalog\/marie-amelie-germain-de\/marie-amelie-germain-grand-ciel-bleu-2018\/","title":{"rendered":"Marie-Am\u00e9lie Germain &#8211; Grand ciel bleu (2018)"},"content":{"rendered":"","protected":false},"excerpt":{"rendered":"<p>Huile sur papier maroufl\u00e9, 2018<br \/>\n120 x 140 cm<\/p>\n<p><em>\u0152uvre encadr\u00e9e<\/em><\/p>\n","protected":false},"featured_media":1010,"template":"","meta":[],"product_brand":[],"product_cat":[93],"product_tag":[],"class_list":{"0":"post-3744","1":"product","2":"type-product","3":"status-publish","4":"has-post-thumbnail","6":"product_cat-marie-amelie-germain-de","7":"pa_techniques-ol","8":"pa_techniques-papier-de","9":"pa_types-doeuvres-malerei","11":"first","12":"instock","13":"shipping-taxable","14":"purchasable","15":"product-type-simple"},"yoast_head":"<!-- This site is optimized with the Yoast SEO plugin v27.4 - https:\/\/yoast.com\/product\/yoast-seo-wordpress\/ -->\n<title>Marie-Am\u00e9lie Germain - Grand ciel bleu (2018) - ArtUpCollector<\/title>\n<meta name=\"robots\" content=\"index, follow, max-snippet:-1, max-image-preview:large, max-video-preview:-1\" \/>\n<link rel=\"canonical\" href=\"https:\/\/artupcollector.com\/de\/katalog\/marie-amelie-germain-de\/marie-amelie-germain-grand-ciel-bleu-2018\/\" \/>\n<meta property=\"og:locale\" content=\"de_DE\" \/>\n<meta property=\"og:type\" content=\"article\" \/>\n<meta property=\"og:title\" content=\"Marie-Am\u00e9lie Germain - Grand ciel bleu (2018) - ArtUpCollector\" \/>\n<meta property=\"og:description\" content=\"Huile sur papier maroufl\u00e9, 2018 120 x 140 cm  \u0152uvre encadr\u00e9e\" \/>\n<meta property=\"og:url\" content=\"https:\/\/artupcollector.com\/de\/katalog\/marie-amelie-germain-de\/marie-amelie-germain-grand-ciel-bleu-2018\/\" \/>\n<meta property=\"og:site_name\" content=\"ArtUpCollector\" \/>\n<meta property=\"article:publisher\" content=\"https:\/\/www.facebook.com\/Artupcollectorcom-101099861821938\/\" \/>\n<meta property=\"og:image\" content=\"https:\/\/artupcollector.com\/wp-content\/uploads\/2020\/06\/marie-amelie-germain-5-grand-ciel-bleu.jpg\" \/>\n\t<meta property=\"og:image:width\" content=\"1237\" \/>\n\t<meta property=\"og:image:height\" content=\"1600\" \/>\n\t<meta property=\"og:image:type\" content=\"image\/jpeg\" \/>\n<meta name=\"twitter:card\" content=\"summary_large_image\" \/>\n<script type=\"application\/ld+json\" class=\"yoast-schema-graph\">{\"@context\":\"https:\\\/\\\/schema.org\",\"@graph\":[{\"@type\":\"WebPage\",\"@id\":\"https:\\\/\\\/artupcollector.com\\\/de\\\/katalog\\\/marie-amelie-germain-de\\\/marie-amelie-germain-grand-ciel-bleu-2018\\\/\",\"url\":\"https:\\\/\\\/artupcollector.com\\\/de\\\/katalog\\\/marie-amelie-germain-de\\\/marie-amelie-germain-grand-ciel-bleu-2018\\\/\",\"name\":\"Marie-Am\u00e9lie Germain - Grand ciel bleu (2018) - ArtUpCollector\",\"isPartOf\":{\"@id\":\"https:\\\/\\\/artupcollector.com\\\/#website\"},\"primaryImageOfPage\":{\"@id\":\"https:\\\/\\\/artupcollector.com\\\/de\\\/katalog\\\/marie-amelie-germain-de\\\/marie-amelie-germain-grand-ciel-bleu-2018\\\/#primaryimage\"},\"image\":{\"@id\":\"https:\\\/\\\/artupcollector.com\\\/de\\\/katalog\\\/marie-amelie-germain-de\\\/marie-amelie-germain-grand-ciel-bleu-2018\\\/#primaryimage\"},\"thumbnailUrl\":\"https:\\\/\\\/artupcollector.com\\\/wp-content\\\/uploads\\\/2020\\\/06\\\/marie-amelie-germain-5-grand-ciel-bleu.jpg\",\"datePublished\":\"2020-06-25T09:22:14+00:00\",\"breadcrumb\":{\"@id\":\"https:\\\/\\\/artupcollector.com\\\/de\\\/katalog\\\/marie-amelie-germain-de\\\/marie-amelie-germain-grand-ciel-bleu-2018\\\/#breadcrumb\"},\"inLanguage\":\"de\",\"potentialAction\":[{\"@type\":\"ReadAction\",\"target\":[\"https:\\\/\\\/artupcollector.com\\\/de\\\/katalog\\\/marie-amelie-germain-de\\\/marie-amelie-germain-grand-ciel-bleu-2018\\\/\"]}]},{\"@type\":\"ImageObject\",\"inLanguage\":\"de\",\"@id\":\"https:\\\/\\\/artupcollector.com\\\/de\\\/katalog\\\/marie-amelie-germain-de\\\/marie-amelie-germain-grand-ciel-bleu-2018\\\/#primaryimage\",\"url\":\"https:\\\/\\\/artupcollector.com\\\/wp-content\\\/uploads\\\/2020\\\/06\\\/marie-amelie-germain-5-grand-ciel-bleu.jpg\",\"contentUrl\":\"https:\\\/\\\/artupcollector.com\\\/wp-content\\\/uploads\\\/2020\\\/06\\\/marie-amelie-germain-5-grand-ciel-bleu.jpg\",\"width\":1237,\"height\":1600},{\"@type\":\"BreadcrumbList\",\"@id\":\"https:\\\/\\\/artupcollector.com\\\/de\\\/katalog\\\/marie-amelie-germain-de\\\/marie-amelie-germain-grand-ciel-bleu-2018\\\/#breadcrumb\",\"itemListElement\":[{\"@type\":\"ListItem\",\"position\":1,\"name\":\"Accueil\",\"item\":\"https:\\\/\\\/artupcollector.com\\\/\"},{\"@type\":\"ListItem\",\"position\":2,\"name\":\"Katalog\",\"item\":\"https:\\\/\\\/artupcollector.com\\\/de\\\/katalog\\\/\"},{\"@type\":\"ListItem\",\"position\":3,\"name\":\"Marie-Am\u00e9lie Germain &#8211; Grand ciel bleu (2018)\"}]},{\"@type\":\"WebSite\",\"@id\":\"https:\\\/\\\/artupcollector.com\\\/#website\",\"url\":\"https:\\\/\\\/artupcollector.com\\\/\",\"name\":\"ArtUpCollector\",\"description\":\"Galerie d&#039;art\",\"publisher\":{\"@id\":\"https:\\\/\\\/artupcollector.com\\\/#organization\"},\"potentialAction\":[{\"@type\":\"SearchAction\",\"target\":{\"@type\":\"EntryPoint\",\"urlTemplate\":\"https:\\\/\\\/artupcollector.com\\\/?s={search_term_string}\"},\"query-input\":{\"@type\":\"PropertyValueSpecification\",\"valueRequired\":true,\"valueName\":\"search_term_string\"}}],\"inLanguage\":\"de\"},{\"@type\":\"Organization\",\"@id\":\"https:\\\/\\\/artupcollector.com\\\/#organization\",\"name\":\"ArtUpCollector\",\"url\":\"https:\\\/\\\/artupcollector.com\\\/\",\"logo\":{\"@type\":\"ImageObject\",\"inLanguage\":\"de\",\"@id\":\"https:\\\/\\\/artupcollector.com\\\/#\\\/schema\\\/logo\\\/image\\\/\",\"url\":\"https:\\\/\\\/artupcollector.com\\\/wp-content\\\/uploads\\\/2020\\\/05\\\/artupcollector-logo400.png\",\"contentUrl\":\"https:\\\/\\\/artupcollector.com\\\/wp-content\\\/uploads\\\/2020\\\/05\\\/artupcollector-logo400.png\",\"width\":400,\"height\":111,\"caption\":\"ArtUpCollector\"},\"image\":{\"@id\":\"https:\\\/\\\/artupcollector.com\\\/#\\\/schema\\\/logo\\\/image\\\/\"},\"sameAs\":[\"https:\\\/\\\/www.facebook.com\\\/Artupcollectorcom-101099861821938\\\/\",\"https:\\\/\\\/www.instagram.com\\\/artupcollector\\\/\",\"https:\\\/\\\/www.linkedin.com\\\/in\\\/art-up-collector-5a3a621bb\\\/\"]}]}<\/script>\n<!-- \/ Yoast SEO plugin. -->","yoast_head_json":{"title":"Marie-Am\u00e9lie Germain - Grand ciel bleu (2018) - ArtUpCollector","robots":{"index":"index","follow":"follow","max-snippet":"max-snippet:-1","max-image-preview":"max-image-preview:large","max-video-preview":"max-video-preview:-1"},"canonical":"https:\/\/artupcollector.com\/de\/katalog\/marie-amelie-germain-de\/marie-amelie-germain-grand-ciel-bleu-2018\/","og_locale":"de_DE","og_type":"article","og_title":"Marie-Am\u00e9lie Germain - Grand ciel bleu (2018) - ArtUpCollector","og_description":"Huile sur papier maroufl\u00e9, 2018 120 x 140 cm  \u0152uvre encadr\u00e9e","og_url":"https:\/\/artupcollector.com\/de\/katalog\/marie-amelie-germain-de\/marie-amelie-germain-grand-ciel-bleu-2018\/","og_site_name":"ArtUpCollector","article_publisher":"https:\/\/www.facebook.com\/Artupcollectorcom-101099861821938\/","og_image":[{"width":1237,"height":1600,"url":"https:\/\/artupcollector.com\/wp-content\/uploads\/2020\/06\/marie-amelie-germain-5-grand-ciel-bleu.jpg","type":"image\/jpeg"}],"twitter_card":"summary_large_image","schema":{"@context":"https:\/\/schema.org","@graph":[{"@type":"WebPage","@id":"https:\/\/artupcollector.com\/de\/katalog\/marie-amelie-germain-de\/marie-amelie-germain-grand-ciel-bleu-2018\/","url":"https:\/\/artupcollector.com\/de\/katalog\/marie-amelie-germain-de\/marie-amelie-germain-grand-ciel-bleu-2018\/","name":"Marie-Am\u00e9lie Germain - Grand ciel bleu (2018) - ArtUpCollector","isPartOf":{"@id":"https:\/\/artupcollector.com\/#website"},"primaryImageOfPage":{"@id":"https:\/\/artupcollector.com\/de\/katalog\/marie-amelie-germain-de\/marie-amelie-germain-grand-ciel-bleu-2018\/#primaryimage"},"image":{"@id":"https:\/\/artupcollector.com\/de\/katalog\/marie-amelie-germain-de\/marie-amelie-germain-grand-ciel-bleu-2018\/#primaryimage"},"thumbnailUrl":"https:\/\/artupcollector.com\/wp-content\/uploads\/2020\/06\/marie-amelie-germain-5-grand-ciel-bleu.jpg","datePublished":"2020-06-25T09:22:14+00:00","breadcrumb":{"@id":"https:\/\/artupcollector.com\/de\/katalog\/marie-amelie-germain-de\/marie-amelie-germain-grand-ciel-bleu-2018\/#breadcrumb"},"inLanguage":"de","potentialAction":[{"@type":"ReadAction","target":["https:\/\/artupcollector.com\/de\/katalog\/marie-amelie-germain-de\/marie-amelie-germain-grand-ciel-bleu-2018\/"]}]},{"@type":"ImageObject","inLanguage":"de","@id":"https:\/\/artupcollector.com\/de\/katalog\/marie-amelie-germain-de\/marie-amelie-germain-grand-ciel-bleu-2018\/#primaryimage","url":"https:\/\/artupcollector.com\/wp-content\/uploads\/2020\/06\/marie-amelie-germain-5-grand-ciel-bleu.jpg","contentUrl":"https:\/\/artupcollector.com\/wp-content\/uploads\/2020\/06\/marie-amelie-germain-5-grand-ciel-bleu.jpg","width":1237,"height":1600},{"@type":"BreadcrumbList","@id":"https:\/\/artupcollector.com\/de\/katalog\/marie-amelie-germain-de\/marie-amelie-germain-grand-ciel-bleu-2018\/#breadcrumb","itemListElement":[{"@type":"ListItem","position":1,"name":"Accueil","item":"https:\/\/artupcollector.com\/"},{"@type":"ListItem","position":2,"name":"Katalog","item":"https:\/\/artupcollector.com\/de\/katalog\/"},{"@type":"ListItem","position":3,"name":"Marie-Am\u00e9lie Germain &#8211; Grand ciel bleu (2018)"}]},{"@type":"WebSite","@id":"https:\/\/artupcollector.com\/#website","url":"https:\/\/artupcollector.com\/","name":"ArtUpCollector","description":"Galerie d&#039;art","publisher":{"@id":"https:\/\/artupcollector.com\/#organization"},"potentialAction":[{"@type":"SearchAction","target":{"@type":"EntryPoint","urlTemplate":"https:\/\/artupcollector.com\/?s={search_term_string}"},"query-input":{"@type":"PropertyValueSpecification","valueRequired":true,"valueName":"search_term_string"}}],"inLanguage":"de"},{"@type":"Organization","@id":"https:\/\/artupcollector.com\/#organization","name":"ArtUpCollector","url":"https:\/\/artupcollector.com\/","logo":{"@type":"ImageObject","inLanguage":"de","@id":"https:\/\/artupcollector.com\/#\/schema\/logo\/image\/","url":"https:\/\/artupcollector.com\/wp-content\/uploads\/2020\/05\/artupcollector-logo400.png","contentUrl":"https:\/\/artupcollector.com\/wp-content\/uploads\/2020\/05\/artupcollector-logo400.png","width":400,"height":111,"caption":"ArtUpCollector"},"image":{"@id":"https:\/\/artupcollector.com\/#\/schema\/logo\/image\/"},"sameAs":["https:\/\/www.facebook.com\/Artupcollectorcom-101099861821938\/","https:\/\/www.instagram.com\/artupcollector\/","https:\/\/www.linkedin.com\/in\/art-up-collector-5a3a621bb\/"]}]}},"_links":{"self":[{"href":"https:\/\/artupcollector.com\/de\/wp-json\/wp\/v2\/product\/3744","targetHints":{"allow":["GET"]}}],"collection":[{"href":"https:\/\/artupcollector.com\/de\/wp-json\/wp\/v2\/product"}],"about":[{"href":"https:\/\/artupcollector.com\/de\/wp-json\/wp\/v2\/types\/product"}],"wp:featuredmedia":[{"embeddable":true,"href":"https:\/\/artupcollector.com\/de\/wp-json\/wp\/v2\/media\/1010"}],"wp:attachment":[{"href":"https:\/\/artupcollector.com\/de\/wp-json\/wp\/v2\/media?parent=3744"}],"wp:term":[{"taxonomy":"product_brand","embeddable":true,"href":"https:\/\/artupcollector.com\/de\/wp-json\/wp\/v2\/product_brand?post=3744"},{"taxonomy":"product_cat","embeddable":true,"href":"https:\/\/artupcollector.com\/de\/wp-json\/wp\/v2\/product_cat?post=3744"},{"taxonomy":"product_tag","embeddable":true,"href":"https:\/\/artupcollector.com\/de\/wp-json\/wp\/v2\/product_tag?post=3744"}],"curies":[{"name":"wp","href":"https:\/\/api.w.org\/{rel}","templated":true}]}}