{"id":3848,"date":"2020-05-08T16:11:14","date_gmt":"2020-05-08T14:11:14","guid":{"rendered":"https:\/\/artupcollector.com\/catalogue\/unkategorisiert\/juliette-jouannais-sans-titre-2019-7\/"},"modified":"2020-05-08T16:11:14","modified_gmt":"2020-05-08T14:11:14","slug":"juliette-jouannais-sans-titre-2019-7","status":"publish","type":"product","link":"https:\/\/artupcollector.com\/de\/katalog\/juliette-jouannais-de\/juliette-jouannais-sans-titre-2019-7\/","title":{"rendered":"Juliette Jouannais &#8211; Sans titre (2019)"},"content":{"rendered":"","protected":false},"excerpt":{"rendered":"<p>Relief, gouache sur papier d\u00e9coup\u00e9, 2019<br \/>\n48 x 82 x 7 cm<\/p>\n<p><em>\u0152uvre encadr\u00e9e<\/em><\/p>\n","protected":false},"featured_media":859,"template":"","meta":[],"product_brand":[],"product_cat":[91],"product_tag":[],"class_list":{"0":"post-3848","1":"product","2":"type-product","3":"status-publish","4":"has-post-thumbnail","6":"product_cat-juliette-jouannais-de","7":"pa_techniques-gouache-de","8":"pa_techniques-scherenschnitt","9":"pa_types-doeuvres-malerei","10":"pa_types-doeuvres-relief-de","12":"first","13":"instock","14":"shipping-taxable","15":"purchasable","16":"product-type-simple"},"yoast_head":"<!-- This site is optimized with the Yoast SEO plugin v27.4 - https:\/\/yoast.com\/product\/yoast-seo-wordpress\/ -->\n<title>Juliette Jouannais - Sans titre (2019) - ArtUpCollector<\/title>\n<meta name=\"robots\" content=\"index, follow, max-snippet:-1, max-image-preview:large, max-video-preview:-1\" \/>\n<link rel=\"canonical\" href=\"https:\/\/artupcollector.com\/de\/katalog\/juliette-jouannais-de\/juliette-jouannais-sans-titre-2019-7\/\" \/>\n<meta property=\"og:locale\" content=\"de_DE\" \/>\n<meta property=\"og:type\" content=\"article\" \/>\n<meta property=\"og:title\" content=\"Juliette Jouannais - Sans titre (2019) - ArtUpCollector\" \/>\n<meta property=\"og:description\" content=\"Relief, gouache sur papier d\u00e9coup\u00e9, 2019 48 x 82 x 7 cm  \u0152uvre encadr\u00e9e\" \/>\n<meta property=\"og:url\" content=\"https:\/\/artupcollector.com\/de\/katalog\/juliette-jouannais-de\/juliette-jouannais-sans-titre-2019-7\/\" \/>\n<meta property=\"og:site_name\" content=\"ArtUpCollector\" \/>\n<meta property=\"article:publisher\" content=\"https:\/\/www.facebook.com\/Artupcollectorcom-101099861821938\/\" \/>\n<meta property=\"og:image\" content=\"https:\/\/artupcollector.com\/wp-content\/uploads\/2020\/05\/juliette-jouannais-7-sans-titre.jpg\" \/>\n\t<meta property=\"og:image:width\" content=\"1600\" \/>\n\t<meta property=\"og:image:height\" content=\"1080\" \/>\n\t<meta property=\"og:image:type\" content=\"image\/jpeg\" \/>\n<meta name=\"twitter:card\" content=\"summary_large_image\" \/>\n<script type=\"application\/ld+json\" class=\"yoast-schema-graph\">{\"@context\":\"https:\\\/\\\/schema.org\",\"@graph\":[{\"@type\":\"WebPage\",\"@id\":\"https:\\\/\\\/artupcollector.com\\\/de\\\/katalog\\\/juliette-jouannais-de\\\/juliette-jouannais-sans-titre-2019-7\\\/\",\"url\":\"https:\\\/\\\/artupcollector.com\\\/de\\\/katalog\\\/juliette-jouannais-de\\\/juliette-jouannais-sans-titre-2019-7\\\/\",\"name\":\"Juliette Jouannais - Sans titre (2019) - ArtUpCollector\",\"isPartOf\":{\"@id\":\"https:\\\/\\\/artupcollector.com\\\/#website\"},\"primaryImageOfPage\":{\"@id\":\"https:\\\/\\\/artupcollector.com\\\/de\\\/katalog\\\/juliette-jouannais-de\\\/juliette-jouannais-sans-titre-2019-7\\\/#primaryimage\"},\"image\":{\"@id\":\"https:\\\/\\\/artupcollector.com\\\/de\\\/katalog\\\/juliette-jouannais-de\\\/juliette-jouannais-sans-titre-2019-7\\\/#primaryimage\"},\"thumbnailUrl\":\"https:\\\/\\\/artupcollector.com\\\/wp-content\\\/uploads\\\/2020\\\/05\\\/juliette-jouannais-7-sans-titre.jpg\",\"datePublished\":\"2020-05-08T14:11:14+00:00\",\"breadcrumb\":{\"@id\":\"https:\\\/\\\/artupcollector.com\\\/de\\\/katalog\\\/juliette-jouannais-de\\\/juliette-jouannais-sans-titre-2019-7\\\/#breadcrumb\"},\"inLanguage\":\"de\",\"potentialAction\":[{\"@type\":\"ReadAction\",\"target\":[\"https:\\\/\\\/artupcollector.com\\\/de\\\/katalog\\\/juliette-jouannais-de\\\/juliette-jouannais-sans-titre-2019-7\\\/\"]}]},{\"@type\":\"ImageObject\",\"inLanguage\":\"de\",\"@id\":\"https:\\\/\\\/artupcollector.com\\\/de\\\/katalog\\\/juliette-jouannais-de\\\/juliette-jouannais-sans-titre-2019-7\\\/#primaryimage\",\"url\":\"https:\\\/\\\/artupcollector.com\\\/wp-content\\\/uploads\\\/2020\\\/05\\\/juliette-jouannais-7-sans-titre.jpg\",\"contentUrl\":\"https:\\\/\\\/artupcollector.com\\\/wp-content\\\/uploads\\\/2020\\\/05\\\/juliette-jouannais-7-sans-titre.jpg\",\"width\":1600,\"height\":1080},{\"@type\":\"BreadcrumbList\",\"@id\":\"https:\\\/\\\/artupcollector.com\\\/de\\\/katalog\\\/juliette-jouannais-de\\\/juliette-jouannais-sans-titre-2019-7\\\/#breadcrumb\",\"itemListElement\":[{\"@type\":\"ListItem\",\"position\":1,\"name\":\"Accueil\",\"item\":\"https:\\\/\\\/artupcollector.com\\\/\"},{\"@type\":\"ListItem\",\"position\":2,\"name\":\"Katalog\",\"item\":\"https:\\\/\\\/artupcollector.com\\\/de\\\/katalog\\\/\"},{\"@type\":\"ListItem\",\"position\":3,\"name\":\"Juliette Jouannais &#8211; Sans titre (2019)\"}]},{\"@type\":\"WebSite\",\"@id\":\"https:\\\/\\\/artupcollector.com\\\/#website\",\"url\":\"https:\\\/\\\/artupcollector.com\\\/\",\"name\":\"ArtUpCollector\",\"description\":\"Galerie d&#039;art\",\"publisher\":{\"@id\":\"https:\\\/\\\/artupcollector.com\\\/#organization\"},\"potentialAction\":[{\"@type\":\"SearchAction\",\"target\":{\"@type\":\"EntryPoint\",\"urlTemplate\":\"https:\\\/\\\/artupcollector.com\\\/?s={search_term_string}\"},\"query-input\":{\"@type\":\"PropertyValueSpecification\",\"valueRequired\":true,\"valueName\":\"search_term_string\"}}],\"inLanguage\":\"de\"},{\"@type\":\"Organization\",\"@id\":\"https:\\\/\\\/artupcollector.com\\\/#organization\",\"name\":\"ArtUpCollector\",\"url\":\"https:\\\/\\\/artupcollector.com\\\/\",\"logo\":{\"@type\":\"ImageObject\",\"inLanguage\":\"de\",\"@id\":\"https:\\\/\\\/artupcollector.com\\\/#\\\/schema\\\/logo\\\/image\\\/\",\"url\":\"https:\\\/\\\/artupcollector.com\\\/wp-content\\\/uploads\\\/2020\\\/05\\\/artupcollector-logo400.png\",\"contentUrl\":\"https:\\\/\\\/artupcollector.com\\\/wp-content\\\/uploads\\\/2020\\\/05\\\/artupcollector-logo400.png\",\"width\":400,\"height\":111,\"caption\":\"ArtUpCollector\"},\"image\":{\"@id\":\"https:\\\/\\\/artupcollector.com\\\/#\\\/schema\\\/logo\\\/image\\\/\"},\"sameAs\":[\"https:\\\/\\\/www.facebook.com\\\/Artupcollectorcom-101099861821938\\\/\",\"https:\\\/\\\/www.instagram.com\\\/artupcollector\\\/\",\"https:\\\/\\\/www.linkedin.com\\\/in\\\/art-up-collector-5a3a621bb\\\/\"]}]}<\/script>\n<!-- \/ Yoast SEO plugin. -->","yoast_head_json":{"title":"Juliette Jouannais - Sans titre (2019) - ArtUpCollector","robots":{"index":"index","follow":"follow","max-snippet":"max-snippet:-1","max-image-preview":"max-image-preview:large","max-video-preview":"max-video-preview:-1"},"canonical":"https:\/\/artupcollector.com\/de\/katalog\/juliette-jouannais-de\/juliette-jouannais-sans-titre-2019-7\/","og_locale":"de_DE","og_type":"article","og_title":"Juliette Jouannais - Sans titre (2019) - ArtUpCollector","og_description":"Relief, gouache sur papier d\u00e9coup\u00e9, 2019 48 x 82 x 7 cm  \u0152uvre encadr\u00e9e","og_url":"https:\/\/artupcollector.com\/de\/katalog\/juliette-jouannais-de\/juliette-jouannais-sans-titre-2019-7\/","og_site_name":"ArtUpCollector","article_publisher":"https:\/\/www.facebook.com\/Artupcollectorcom-101099861821938\/","og_image":[{"width":1600,"height":1080,"url":"https:\/\/artupcollector.com\/wp-content\/uploads\/2020\/05\/juliette-jouannais-7-sans-titre.jpg","type":"image\/jpeg"}],"twitter_card":"summary_large_image","schema":{"@context":"https:\/\/schema.org","@graph":[{"@type":"WebPage","@id":"https:\/\/artupcollector.com\/de\/katalog\/juliette-jouannais-de\/juliette-jouannais-sans-titre-2019-7\/","url":"https:\/\/artupcollector.com\/de\/katalog\/juliette-jouannais-de\/juliette-jouannais-sans-titre-2019-7\/","name":"Juliette Jouannais - Sans titre (2019) - ArtUpCollector","isPartOf":{"@id":"https:\/\/artupcollector.com\/#website"},"primaryImageOfPage":{"@id":"https:\/\/artupcollector.com\/de\/katalog\/juliette-jouannais-de\/juliette-jouannais-sans-titre-2019-7\/#primaryimage"},"image":{"@id":"https:\/\/artupcollector.com\/de\/katalog\/juliette-jouannais-de\/juliette-jouannais-sans-titre-2019-7\/#primaryimage"},"thumbnailUrl":"https:\/\/artupcollector.com\/wp-content\/uploads\/2020\/05\/juliette-jouannais-7-sans-titre.jpg","datePublished":"2020-05-08T14:11:14+00:00","breadcrumb":{"@id":"https:\/\/artupcollector.com\/de\/katalog\/juliette-jouannais-de\/juliette-jouannais-sans-titre-2019-7\/#breadcrumb"},"inLanguage":"de","potentialAction":[{"@type":"ReadAction","target":["https:\/\/artupcollector.com\/de\/katalog\/juliette-jouannais-de\/juliette-jouannais-sans-titre-2019-7\/"]}]},{"@type":"ImageObject","inLanguage":"de","@id":"https:\/\/artupcollector.com\/de\/katalog\/juliette-jouannais-de\/juliette-jouannais-sans-titre-2019-7\/#primaryimage","url":"https:\/\/artupcollector.com\/wp-content\/uploads\/2020\/05\/juliette-jouannais-7-sans-titre.jpg","contentUrl":"https:\/\/artupcollector.com\/wp-content\/uploads\/2020\/05\/juliette-jouannais-7-sans-titre.jpg","width":1600,"height":1080},{"@type":"BreadcrumbList","@id":"https:\/\/artupcollector.com\/de\/katalog\/juliette-jouannais-de\/juliette-jouannais-sans-titre-2019-7\/#breadcrumb","itemListElement":[{"@type":"ListItem","position":1,"name":"Accueil","item":"https:\/\/artupcollector.com\/"},{"@type":"ListItem","position":2,"name":"Katalog","item":"https:\/\/artupcollector.com\/de\/katalog\/"},{"@type":"ListItem","position":3,"name":"Juliette Jouannais &#8211; Sans titre (2019)"}]},{"@type":"WebSite","@id":"https:\/\/artupcollector.com\/#website","url":"https:\/\/artupcollector.com\/","name":"ArtUpCollector","description":"Galerie d&#039;art","publisher":{"@id":"https:\/\/artupcollector.com\/#organization"},"potentialAction":[{"@type":"SearchAction","target":{"@type":"EntryPoint","urlTemplate":"https:\/\/artupcollector.com\/?s={search_term_string}"},"query-input":{"@type":"PropertyValueSpecification","valueRequired":true,"valueName":"search_term_string"}}],"inLanguage":"de"},{"@type":"Organization","@id":"https:\/\/artupcollector.com\/#organization","name":"ArtUpCollector","url":"https:\/\/artupcollector.com\/","logo":{"@type":"ImageObject","inLanguage":"de","@id":"https:\/\/artupcollector.com\/#\/schema\/logo\/image\/","url":"https:\/\/artupcollector.com\/wp-content\/uploads\/2020\/05\/artupcollector-logo400.png","contentUrl":"https:\/\/artupcollector.com\/wp-content\/uploads\/2020\/05\/artupcollector-logo400.png","width":400,"height":111,"caption":"ArtUpCollector"},"image":{"@id":"https:\/\/artupcollector.com\/#\/schema\/logo\/image\/"},"sameAs":["https:\/\/www.facebook.com\/Artupcollectorcom-101099861821938\/","https:\/\/www.instagram.com\/artupcollector\/","https:\/\/www.linkedin.com\/in\/art-up-collector-5a3a621bb\/"]}]}},"_links":{"self":[{"href":"https:\/\/artupcollector.com\/de\/wp-json\/wp\/v2\/product\/3848","targetHints":{"allow":["GET"]}}],"collection":[{"href":"https:\/\/artupcollector.com\/de\/wp-json\/wp\/v2\/product"}],"about":[{"href":"https:\/\/artupcollector.com\/de\/wp-json\/wp\/v2\/types\/product"}],"wp:featuredmedia":[{"embeddable":true,"href":"https:\/\/artupcollector.com\/de\/wp-json\/wp\/v2\/media\/859"}],"wp:attachment":[{"href":"https:\/\/artupcollector.com\/de\/wp-json\/wp\/v2\/media?parent=3848"}],"wp:term":[{"taxonomy":"product_brand","embeddable":true,"href":"https:\/\/artupcollector.com\/de\/wp-json\/wp\/v2\/product_brand?post=3848"},{"taxonomy":"product_cat","embeddable":true,"href":"https:\/\/artupcollector.com\/de\/wp-json\/wp\/v2\/product_cat?post=3848"},{"taxonomy":"product_tag","embeddable":true,"href":"https:\/\/artupcollector.com\/de\/wp-json\/wp\/v2\/product_tag?post=3848"}],"curies":[{"name":"wp","href":"https:\/\/api.w.org\/{rel}","templated":true}]}}